{"id":17,"date":"2025-10-04T07:15:54","date_gmt":"2025-10-04T05:15:54","guid":{"rendered":"https:\/\/wp.debauge.fr\/?page_id=17"},"modified":"2026-03-26T10:49:53","modified_gmt":"2026-03-26T09:49:53","slug":"biographie","status":"publish","type":"page","link":"https:\/\/wp.debauge.fr\/index.php\/biographie\/","title":{"rendered":"Mon Histoire"},"content":{"rendered":"\n<figure class=\"wp-block-image size-large is-resized\"><img loading=\"lazy\" decoding=\"async\" width=\"881\" height=\"1024\" src=\"https:\/\/wp.debauge.fr\/wp-content\/uploads\/2025\/10\/image-881x1024.png\" alt=\"\" class=\"wp-image-18\" style=\"width:174px;height:auto\" srcset=\"https:\/\/wp.debauge.fr\/wp-content\/uploads\/2025\/10\/image-881x1024.png 881w, https:\/\/wp.debauge.fr\/wp-content\/uploads\/2025\/10\/image-258x300.png 258w, https:\/\/wp.debauge.fr\/wp-content\/uploads\/2025\/10\/image-768x893.png 768w, https:\/\/wp.debauge.fr\/wp-content\/uploads\/2025\/10\/image-1322x1536.png 1322w, https:\/\/wp.debauge.fr\/wp-content\/uploads\/2025\/10\/image-1762x2048.png 1762w, https:\/\/wp.debauge.fr\/wp-content\/uploads\/2025\/10\/image-100x116.png 100w, https:\/\/wp.debauge.fr\/wp-content\/uploads\/2025\/10\/image-150x174.png 150w, https:\/\/wp.debauge.fr\/wp-content\/uploads\/2025\/10\/image-200x232.png 200w, https:\/\/wp.debauge.fr\/wp-content\/uploads\/2025\/10\/image-300x349.png 300w, https:\/\/wp.debauge.fr\/wp-content\/uploads\/2025\/10\/image-450x523.png 450w, https:\/\/wp.debauge.fr\/wp-content\/uploads\/2025\/10\/image-600x697.png 600w, https:\/\/wp.debauge.fr\/wp-content\/uploads\/2025\/10\/image-900x1046.png 900w, https:\/\/wp.debauge.fr\/wp-content\/uploads\/2025\/10\/image.png 1985w\" sizes=\"auto, (max-width: 706px) 89vw, (max-width: 767px) 82vw, 740px\" \/><\/figure>\n\n\n\n<p>Dans le civil, je m\u2019appelle Jean-Beno\u00eet Debauge, et mon nom de m\u00e9ditant est Prem Nataraja.<\/p>\n\n\n\n<p>Je suis un \u00eatre \u00e9pris de <strong>Libert\u00e9 <\/strong>et qui sait que chacun porte en lui la <strong>bont\u00e9<\/strong> et l&rsquo;<strong>Amour<\/strong> !!<\/p>\n\n\n\n<p>Pour moi, Libert\u00e9 signifie faire des <strong>choix conscients<\/strong>, et assumer pleinement les cons\u00e9quences de ces choix. Et se conna\u00eetre, conna\u00eetre les autres et les fonctionnements syst\u00e9miques, les forces, les faiblesses, les ombres, les lumi\u00e8res, et regarder chaque partie <strong>avec amour et sans concession<\/strong>, aide \u00e0 \u00eatre Libre !!<\/p>\n\n\n\n<p>Amour signifie ce qui nous relie. Cette chose impalpable qui fait que nous sommes humain, que nous faisons parti du vivant sur cette plan\u00e8te et dans l&rsquo;univers. Reconna\u00eetre ce lien donne une dimension d&rsquo;ouverture sur l&rsquo;autre, sur le monde, le coeur s&rsquo;ouvre et tout est en harmonie !<\/p>\n\n\n\n<p>Sur mon chemin de vie, j\u2019ai crois\u00e9 beaucoup de personnes et de pratiques qui m\u2019ont permis de mieux cerner qui je suis, le fonctionnement de l\u2019humain et de la Vie. Toutes ces approches m\u2019ont ouvert l\u2019esprit pour avoir une compr\u00e9hension plus claire et plus large de la richesse de la Vie, qui se d\u00e9ploie partout, qui est partout, qui est l\u00e0, tout le temps, en permanence !!<\/p>\n\n\n\n<p><strong><em>Mon parcours en quelques mots<\/em><\/strong><\/p>\n\n\n\n<p><em>D\u00e8s l\u2019enfance j\u2019ai \u00e9t\u00e9 accompagn\u00e9 pour soigner de l\u2019asthme chronique et des allergies, par des soins hom\u00e9opathiques, de la phytoth\u00e9rapie, de l\u2019ost\u00e9opathie ; ces soignants l\u00e0 ont \u00a0\u00e9veill\u00e9 chez moi une <strong>vision holistique<\/strong> de l&rsquo;\u00eatre humain.<\/em><\/p>\n\n\n\n<p><em>Jeune adulte, j\u2019ai d\u00e9couvert la <strong>M\u00e9decine Traditionnelle Chinoise<\/strong> puis le <strong>Qi Gong<\/strong> comme m\u00e9thodes d\u2019activation de la circulation \u00e9nerg\u00e9tique et d\u2019\u00e9quilibre de vie.<\/em><\/p>\n\n\n\n<p><em>Jeune parent, je me suis appropri\u00e9 les outils de base de la <strong>Communication NonViolente<\/strong> ; je les ai exp\u00e9riment\u00e9s au quotidien avec mon entourage, j\u2019ai grandi avec et fini par me former \u00e0 la m\u00e9diation CNV (Ecole des M\u00e9diateurs CNV en 2006-2007).<\/em><\/p>\n\n\n\n<p><em>Parall\u00e8lement, j\u2019ai commenc\u00e9 la pratique de l\u2019<strong>A\u00efkido<\/strong>, un art martial pour la paix, comme outil d\u2019harmonisation de l\u2019\u00eatre global.<\/em><\/p>\n\n\n\n<p><em>Et c\u2019est \u00e0 cette p\u00e9riode l\u00e0 qu\u2019on m\u2019a propos\u00e9 de faire un stage de 10 jours de m\u00e9diation <strong>Vipassana<\/strong> selon Goenka. Un autre mode de vie s\u2019est ouvert \u00e0 moi en m\u00e9ditant quotidiennement.<\/em><\/p>\n\n\n\n<p><em>Le besoin d\u2019\u00eatre nourri personnellement et spirituellement m\u2019a ensuite conduit \u00e0 m\u2019int\u00e9resser au chamanisme, \u00e0 la <strong>danse derviche<\/strong>, au <strong>soufisme<\/strong>, aux <strong>tarots<\/strong> et <strong>oracles<\/strong>, aux <strong>\u00e9lixirs floraux <\/strong>et <strong>animaux<\/strong> ; j\u2019ai rencontr\u00e9 Dominique Vincent, th\u00e9rapeute, qui m\u2019a ouvert \u00e0 la vision d\u2019<strong>Osho <\/strong>et aux <strong>m\u00e9ditations actives<\/strong>.<\/em><\/p>\n\n\n\n<p><em>A la suite de \u00e7a, je me suis form\u00e9 en tant que <strong>th\u00e9rapeute psychocorporel<\/strong>, aupr\u00e8s de l&rsquo;EPPB (\u00e9cole de psychologie biodynamique) de Montpellier de 2020 \u00e0 2022.<\/em><\/p>\n\n\n\n<p>Apr\u00e8s avoir travailler dans le spectacle vivant, puis dans le b\u00e2timent \u00e9cologique, il est temps pour moi aujourd\u2019hui d\u2019accompagner les personnes qui sont en qu\u00eate d\u2019<strong>harmonie<\/strong>, de <strong>fluidit\u00e9<\/strong>, de <strong>s\u00e9r\u00e9nit\u00e9<\/strong>, de <strong>paix<\/strong>, de <strong>libert\u00e9<\/strong> !!<\/p>\n\n\n\n<p>Au plaisir de vous rencontrer, dans la richesse du Vivant !!<\/p>\n","protected":false},"excerpt":{"rendered":"<p>Dans le civil, je m\u2019appelle Jean-Beno\u00eet Debauge, et mon nom de m\u00e9ditant est Prem Nataraja. Je suis un \u00eatre \u00e9pris de Libert\u00e9 et qui sait que chacun porte en lui la bont\u00e9 et l&rsquo;Amour !! Pour moi, Libert\u00e9 signifie faire des choix conscients, et assumer pleinement les cons\u00e9quences de ces choix. Et se conna\u00eetre, conna\u00eetre &hellip; <\/p>\n<p class=\"link-more\"><a href=\"https:\/\/wp.debauge.fr\/index.php\/biographie\/\" class=\"more-link\">Continuer la lecture<span class=\"screen-reader-text\"> de &laquo;&nbsp;Mon Histoire&nbsp;&raquo;<\/span><\/a><\/p>\n","protected":false},"author":1,"featured_media":0,"parent":0,"menu_order":1,"comment_status":"closed","ping_status":"closed","template":"","meta":{"footnotes":""},"class_list":["post-17","page","type-page","status-publish","hentry"],"_links":{"self":[{"href":"https:\/\/wp.debauge.fr\/index.php\/wp-json\/wp\/v2\/pages\/17","targetHints":{"allow":["GET"]}}],"collection":[{"href":"https:\/\/wp.debauge.fr\/index.php\/wp-json\/wp\/v2\/pages"}],"about":[{"href":"https:\/\/wp.debauge.fr\/index.php\/wp-json\/wp\/v2\/types\/page"}],"author":[{"embeddable":true,"href":"https:\/\/wp.debauge.fr\/index.php\/wp-json\/wp\/v2\/users\/1"}],"replies":[{"embeddable":true,"href":"https:\/\/wp.debauge.fr\/index.php\/wp-json\/wp\/v2\/comments?post=17"}],"version-history":[{"count":7,"href":"https:\/\/wp.debauge.fr\/index.php\/wp-json\/wp\/v2\/pages\/17\/revisions"}],"predecessor-version":[{"id":460,"href":"https:\/\/wp.debauge.fr\/index.php\/wp-json\/wp\/v2\/pages\/17\/revisions\/460"}],"wp:attachment":[{"href":"https:\/\/wp.debauge.fr\/index.php\/wp-json\/wp\/v2\/media?parent=17"}],"curies":[{"name":"wp","href":"https:\/\/api.w.org\/{rel}","templated":true}]}}