{"id":20,"date":"2025-10-04T07:16:42","date_gmt":"2025-10-04T05:16:42","guid":{"rendered":"https:\/\/wp.debauge.fr\/?page_id=20"},"modified":"2025-11-26T18:01:02","modified_gmt":"2025-11-26T17:01:02","slug":"accompagnement-psycho-corporel","status":"publish","type":"page","link":"https:\/\/wp.debauge.fr\/index.php\/propositions-individuels\/accompagnement-psycho-corporel\/","title":{"rendered":"Accompagnement Psycho-Corporel"},"content":{"rendered":"\n<h3 class=\"wp-block-heading\">Pourquoi se faire accompagner ?<\/h3>\n\n\n\n<p>&#8211; La vie am\u00e8ne parfois des moments difficiles \u00e0 traverser. Lors d&rsquo;un \u00e9v\u00e9nement marquant, d&rsquo;une s\u00e9paration, d&rsquo;un deuil, apr\u00e8s un traumatisme, nous cherchons \u00e0 retrouver un \u00e9quilibre. Nous avons toutes les capacit\u00e9s en nous pour retrouver cet \u00e9quilibre. Mais parfois, par rapport \u00e0 notre histoire, \u00e0 nos disponibilit\u00e9s du moments, nous n&rsquo;arrivons plus \u00e0 mobiliser ces capacit\u00e9s, et nous avons besoin de soutien. L&rsquo;accompagnement Psycho-Corporel, en lien direct avec l&rsquo;\u00e9nergie de vie, permet de se reconnecter \u00e0 ces capacit\u00e9s d&rsquo;autor\u00e9gulation, et nous aide \u00e0 traverser ce moment en s&rsquo;appuyant sur nos forces et redonne toute sa place \u00e0 notre capacit\u00e9 d&rsquo;autor\u00e9gulation.<\/p>\n\n\n\n<p>&#8211; Par moment, nous pouvons nous sentir bloqu\u00e9 dans une situation, enferm\u00e9 dans des sch\u00e9mas de fonctionnement, ou \u00e0 revivre toujours les m\u00eames sch\u00e9mas. Ces fonctionnements nous ont \u00e9t\u00e9 utilent pour avancer \u00e0 un moment de notre vie, mais ne sont peut \u00eatre plus d&rsquo;actualit\u00e9. Quand cela nous p\u00e8se, l&rsquo;accompagnement Psycho-Corporel nous permet de mettre de la conscience sur ces fonctionnements, sur ce pourquoi ces fonctionnements ont \u00e9t\u00e9 utiles \u00e0 un moment de notre vie, et nous permet, en s&rsquo;appuyant sur nos forces, de mettre en place d&rsquo;autres modes de fonctionnements avec plus de conscience, et plus en accord avec notre vie actuelle.<\/p>\n\n\n\n<h3 class=\"wp-block-heading\">Le cadre de l&rsquo;accompagnement<\/h3>\n\n\n\n<p>Je vous re\u00e7ois individuellement pour des s\u00e9ances de 1h, de mani\u00e8re hebdomadaire, dans mon cabinet. (\u00e0 ajuster en fonction de chacun)<\/p>\n\n\n\n<p>Dans cet espace, je vous accueille avec tout ce que vous \u00eates. Mon \u00e9coute inconditionnelle et la confidentialit\u00e9 de la s\u00e9ance permet que vous puissiez exprimer tout ce qui vous anime, vous am\u00e8ne.<\/p>\n\n\n\n<p>L&rsquo;accompagnement que je vous propose se fera \u00e0 partir d&rsquo;\u00e9change verbaux, d&rsquo;exercices de respiration, de massages, d&rsquo;\u00e9coute du corps, d&rsquo;accueil des \u00e9motions, et tout autres outils qui me semblent appropri\u00e9s pour vous aider \u00e0 mettre de la conscience sur votre situation et vous reconnecter \u00e0 votre noyau sain et votre capacit\u00e9 d&rsquo;autor\u00e9gulation.<\/p>\n\n\n\n<p>Vous \u00eates impliqu\u00e9 directement dans votre cheminement. Votre avanc\u00e9 se fait \u00e0 votre rythme, et l&rsquo;accompagnement s&rsquo;arr\u00eate quand c&rsquo;est le moment pour vous par une s\u00e9ance de cloture qui permet de boucler et c\u00e9l\u00e9brer le chemin parcouru.<\/p>\n\n\n\n<h3 class=\"wp-block-heading\">Tarifs<\/h3>\n\n\n\n<p>Le tarif pour une s\u00e9ance de 1h est de 70\u20ac.<\/p>\n\n\n\n<p>Le payement peut se faire en liquide ou par carte bleue<\/p>\n\n\n\n<p>Ma pratique est supervis\u00e9e r\u00e9guli\u00e8rement.<\/p>\n","protected":false},"excerpt":{"rendered":"<p>Pourquoi se faire accompagner ? &#8211; La vie am\u00e8ne parfois des moments difficiles \u00e0 traverser. Lors d&rsquo;un \u00e9v\u00e9nement marquant, d&rsquo;une s\u00e9paration, d&rsquo;un deuil, apr\u00e8s un traumatisme, nous cherchons \u00e0 retrouver un \u00e9quilibre. Nous avons toutes les capacit\u00e9s en nous pour retrouver cet \u00e9quilibre. Mais parfois, par rapport \u00e0 notre histoire, \u00e0 nos disponibilit\u00e9s du moments, &hellip; <\/p>\n<p class=\"link-more\"><a href=\"https:\/\/wp.debauge.fr\/index.php\/propositions-individuels\/accompagnement-psycho-corporel\/\" class=\"more-link\">Continuer la lecture<span class=\"screen-reader-text\"> de &laquo;&nbsp;Accompagnement Psycho-Corporel&nbsp;&raquo;<\/span><\/a><\/p>\n","protected":false},"author":1,"featured_media":0,"parent":73,"menu_order":0,"comment_status":"closed","ping_status":"closed","template":"","meta":{"footnotes":""},"class_list":["post-20","page","type-page","status-publish","hentry"],"_links":{"self":[{"href":"https:\/\/wp.debauge.fr\/index.php\/wp-json\/wp\/v2\/pages\/20","targetHints":{"allow":["GET"]}}],"collection":[{"href":"https:\/\/wp.debauge.fr\/index.php\/wp-json\/wp\/v2\/pages"}],"about":[{"href":"https:\/\/wp.debauge.fr\/index.php\/wp-json\/wp\/v2\/types\/page"}],"author":[{"embeddable":true,"href":"https:\/\/wp.debauge.fr\/index.php\/wp-json\/wp\/v2\/users\/1"}],"replies":[{"embeddable":true,"href":"https:\/\/wp.debauge.fr\/index.php\/wp-json\/wp\/v2\/comments?post=20"}],"version-history":[{"count":2,"href":"https:\/\/wp.debauge.fr\/index.php\/wp-json\/wp\/v2\/pages\/20\/revisions"}],"predecessor-version":[{"id":54,"href":"https:\/\/wp.debauge.fr\/index.php\/wp-json\/wp\/v2\/pages\/20\/revisions\/54"}],"up":[{"embeddable":true,"href":"https:\/\/wp.debauge.fr\/index.php\/wp-json\/wp\/v2\/pages\/73"}],"wp:attachment":[{"href":"https:\/\/wp.debauge.fr\/index.php\/wp-json\/wp\/v2\/media?parent=20"}],"curies":[{"name":"wp","href":"https:\/\/api.w.org\/{rel}","templated":true}]}}