{"id":209,"date":"2025-11-28T17:39:12","date_gmt":"2025-11-28T16:39:12","guid":{"rendered":"https:\/\/wp.debauge.fr\/?page_id=209"},"modified":"2026-04-08T10:43:25","modified_gmt":"2026-04-08T08:43:25","slug":"elixirs-floraux-deva","status":"publish","type":"page","link":"https:\/\/wp.debauge.fr\/index.php\/propositions-individuels\/elixirs-floraux-deva\/","title":{"rendered":"Elixirs Floraux Deva"},"content":{"rendered":"\n<div class=\"wp-block-media-text is-stacked-on-mobile\" style=\"grid-template-columns:40% auto\"><figure class=\"wp-block-media-text__media\"><img loading=\"lazy\" decoding=\"async\" width=\"724\" height=\"1024\" src=\"https:\/\/wp.debauge.fr\/wp-content\/uploads\/2026\/01\/Photos-site-web-1-724x1024.png\" alt=\"\" class=\"wp-image-429 size-full\" srcset=\"https:\/\/wp.debauge.fr\/wp-content\/uploads\/2026\/01\/Photos-site-web-1-724x1024.png 724w, https:\/\/wp.debauge.fr\/wp-content\/uploads\/2026\/01\/Photos-site-web-1-212x300.png 212w, https:\/\/wp.debauge.fr\/wp-content\/uploads\/2026\/01\/Photos-site-web-1-768x1086.png 768w, https:\/\/wp.debauge.fr\/wp-content\/uploads\/2026\/01\/Photos-site-web-1-1086x1536.png 1086w, https:\/\/wp.debauge.fr\/wp-content\/uploads\/2026\/01\/Photos-site-web-1.png 1414w\" sizes=\"auto, (max-width: 724px) 100vw, 724px\" \/><\/figure><div class=\"wp-block-media-text__content\">\n<h2 class=\"wp-block-heading\">Qu&rsquo;est ce que les Elixirs Floraux Deva ?<\/h2>\n\n\n\n<p>Les Elixirs Floraux Deva sont des pr\u00e9parations <strong>naturelles \u00e0 base de fleurs<\/strong>, \u00e9labor\u00e9es selon une m\u00e9thode respectueuse du vivant et de ses cycles.<br>Ils agissent principalement sur le plan <strong>\u00e9motionnel et \u00e9nerg\u00e9tique<\/strong>, en accompagnant les \u00e9tats int\u00e9rieurs tels que le stress, les peurs, les doutes, les blocages ou les p\u00e9riodes de transition.<\/p>\n\n\n\n<p>Chaque fleur porte une qualit\u00e9 sp\u00e9cifique, une information subtile, qui vient soutenir un mouvement int\u00e9rieur vers plus d\u2019\u00e9quilibre, de clart\u00e9 et d\u2019harmonie.<br>Les Elixirs Floraux ne remplacent pas un suivi m\u00e9dical, mais s\u2019inscrivent comme un <strong>accompagnement compl\u00e9mentaire<\/strong>, doux et respectueux de la personne.<\/p>\n<\/div><\/div>\n\n\n\n<div class=\"wp-block-media-text has-media-on-the-right is-stacked-on-mobile\" style=\"grid-template-columns:auto 40%\"><div class=\"wp-block-media-text__content\">\n<h2 class=\"wp-block-heading\">Pourquoi se faire accompagner avec les Elixirs Floraux Deva ?<\/h2>\n\n\n\n<p>Se faire accompagner avec les Elixirs Floraux Deva permet de b\u00e9n\u00e9ficier d\u2019un <strong>espace d\u2019\u00e9coute<\/strong> et d\u2019un <strong>accompagnement personnalis\u00e9<\/strong>.<br>Le temps d\u2019\u00e9change aide \u00e0 mettre des mots sur ce qui est v\u00e9cu, \u00e0 prendre du recul et \u00e0 clarifier une situation.<\/p>\n\n\n\n<p>Le choix des Elixirs est alors ajust\u00e9 \u00e0 la situation, pour soutenir au mieux votre cheminement int\u00e9rieur et favoriser une \u00e9volution en douceur.<\/p>\n\n\n\n<p>Les Elixirs deviennent un soutien au <strong>quotidien<\/strong> pour traverser une p\u00e9riode de changement, une difficult\u00e9 \u00e9motionnelle ou un passage de vie.<\/p>\n<\/div><figure class=\"wp-block-media-text__media\"><img loading=\"lazy\" decoding=\"async\" width=\"724\" height=\"1024\" src=\"https:\/\/wp.debauge.fr\/wp-content\/uploads\/2026\/01\/Photos-site-web-1-1-724x1024.png\" alt=\"\" class=\"wp-image-430 size-full\" srcset=\"https:\/\/wp.debauge.fr\/wp-content\/uploads\/2026\/01\/Photos-site-web-1-1-724x1024.png 724w, https:\/\/wp.debauge.fr\/wp-content\/uploads\/2026\/01\/Photos-site-web-1-1-212x300.png 212w, https:\/\/wp.debauge.fr\/wp-content\/uploads\/2026\/01\/Photos-site-web-1-1-768x1086.png 768w, https:\/\/wp.debauge.fr\/wp-content\/uploads\/2026\/01\/Photos-site-web-1-1-1086x1536.png 1086w, https:\/\/wp.debauge.fr\/wp-content\/uploads\/2026\/01\/Photos-site-web-1-1.png 1414w\" sizes=\"auto, (max-width: 724px) 100vw, 724px\" \/><\/figure><\/div>\n\n\n\n<h2 class=\"wp-block-heading\">Quel est le cadre de la s\u00e9ance ?<\/h2>\n\n\n\n<p>Un accompagnement avec les Elixirs Floraux Deva se pratique en pr\u00e9sentiel au cabinet \u00e0 Dardilly.<\/p>\n\n\n\n<p>Apr\u00e8s un temps d&rsquo;\u00e9change, je vous propose un Elixir ou une combinaison d&rsquo;Elixirs.<\/p>\n\n\n\n<p>Le tarif de 50\u20ac, payable en liquide ou en carte bleue, correspond \u00e0 un accompagnement global de 30 min, incluant le temps d\u2019\u00e9changes et le choix de l&rsquo;Elixir.<\/p>\n\n\n\n<p>L&rsquo;achat de l&rsquo;Elixir est \u00e0 votre charge par l&rsquo;interm\u00e9diaire du site du laboratoire <a href=\"https:\/\/www.deva-lesemotions.com\/\">Deva<\/a>.<\/p>\n","protected":false},"excerpt":{"rendered":"<p>Qu&rsquo;est ce que les Elixirs Floraux Deva ? Les Elixirs Floraux Deva sont des pr\u00e9parations naturelles \u00e0 base de fleurs, \u00e9labor\u00e9es selon une m\u00e9thode respectueuse du vivant et de ses cycles.Ils agissent principalement sur le plan \u00e9motionnel et \u00e9nerg\u00e9tique, en accompagnant les \u00e9tats int\u00e9rieurs tels que le stress, les peurs, les doutes, les blocages ou &hellip; <\/p>\n<p class=\"link-more\"><a href=\"https:\/\/wp.debauge.fr\/index.php\/propositions-individuels\/elixirs-floraux-deva\/\" class=\"more-link\">Continuer la lecture<span class=\"screen-reader-text\"> de &laquo;&nbsp;Elixirs Floraux Deva&nbsp;&raquo;<\/span><\/a><\/p>\n","protected":false},"author":1,"featured_media":0,"parent":73,"menu_order":2,"comment_status":"closed","ping_status":"closed","template":"","meta":{"footnotes":""},"class_list":["post-209","page","type-page","status-publish","hentry"],"_links":{"self":[{"href":"https:\/\/wp.debauge.fr\/index.php\/wp-json\/wp\/v2\/pages\/209","targetHints":{"allow":["GET"]}}],"collection":[{"href":"https:\/\/wp.debauge.fr\/index.php\/wp-json\/wp\/v2\/pages"}],"about":[{"href":"https:\/\/wp.debauge.fr\/index.php\/wp-json\/wp\/v2\/types\/page"}],"author":[{"embeddable":true,"href":"https:\/\/wp.debauge.fr\/index.php\/wp-json\/wp\/v2\/users\/1"}],"replies":[{"embeddable":true,"href":"https:\/\/wp.debauge.fr\/index.php\/wp-json\/wp\/v2\/comments?post=209"}],"version-history":[{"count":6,"href":"https:\/\/wp.debauge.fr\/index.php\/wp-json\/wp\/v2\/pages\/209\/revisions"}],"predecessor-version":[{"id":465,"href":"https:\/\/wp.debauge.fr\/index.php\/wp-json\/wp\/v2\/pages\/209\/revisions\/465"}],"up":[{"embeddable":true,"href":"https:\/\/wp.debauge.fr\/index.php\/wp-json\/wp\/v2\/pages\/73"}],"wp:attachment":[{"href":"https:\/\/wp.debauge.fr\/index.php\/wp-json\/wp\/v2\/media?parent=209"}],"curies":[{"name":"wp","href":"https:\/\/api.w.org\/{rel}","templated":true}]}}