{"id":212,"date":"2025-11-28T17:39:45","date_gmt":"2025-11-28T16:39:45","guid":{"rendered":"https:\/\/wp.debauge.fr\/?page_id=212"},"modified":"2026-04-08T11:26:09","modified_gmt":"2026-04-08T09:26:09","slug":"les-chemin-de-guerison","status":"publish","type":"page","link":"https:\/\/wp.debauge.fr\/index.php\/propositions-individuels\/les-chemin-de-guerison\/","title":{"rendered":"Le Chemin de Gu\u00e9rison avec les Elixirs Wild Earth Animals"},"content":{"rendered":"\n<div class=\"wp-block-media-text\" style=\"grid-template-columns:40% auto\"><figure class=\"wp-block-media-text__media\"><img loading=\"lazy\" decoding=\"async\" width=\"724\" height=\"1024\" src=\"https:\/\/wp.debauge.fr\/wp-content\/uploads\/2026\/01\/Photos-site-web-2-724x1024.png\" alt=\"\" class=\"wp-image-449 size-full\" srcset=\"https:\/\/wp.debauge.fr\/wp-content\/uploads\/2026\/01\/Photos-site-web-2-724x1024.png 724w, https:\/\/wp.debauge.fr\/wp-content\/uploads\/2026\/01\/Photos-site-web-2-212x300.png 212w, https:\/\/wp.debauge.fr\/wp-content\/uploads\/2026\/01\/Photos-site-web-2-768x1086.png 768w, https:\/\/wp.debauge.fr\/wp-content\/uploads\/2026\/01\/Photos-site-web-2-1086x1536.png 1086w, https:\/\/wp.debauge.fr\/wp-content\/uploads\/2026\/01\/Photos-site-web-2.png 1414w\" sizes=\"auto, (max-width: 724px) 100vw, 724px\" \/><\/figure><div class=\"wp-block-media-text__content\">\n<h2 class=\"wp-block-heading\">Qu&rsquo;est ce que les Elixirs Wild Earth Animals ?<\/h2>\n\n\n\n<p>Les Elixirs Wild Earth Animals sont une invitation \u00e0 entrer en relation avec la <strong>sagesse du monde animal<\/strong>. Chaque \u00e9lixir agit comme un messager subtil, portant la fr\u00e9quence, l\u2019enseignement et la m\u00e9decine d\u2019un animal sauvage.<br>\u00c0 travers les \u00e9lixirs, un dialogue s\u2019ouvre entre le <strong>conscient<\/strong> et l\u2019<strong>inconscient<\/strong>, entre le <strong>corps<\/strong>, les <strong>\u00e9motions<\/strong> et l\u2019<strong>\u00e2me<\/strong>. Les animaux viennent soutenir des passages de vie, des blocages \u00e9motionnels ou des transformations profondes.<\/p>\n<\/div><\/div>\n\n\n\n<div class=\"wp-block-media-text has-media-on-the-right is-stacked-on-mobile\" style=\"grid-template-columns:auto 40%\"><div class=\"wp-block-media-text__content\">\n<h2 class=\"wp-block-heading\">Pourquoi suivre ce Chemin de Gu\u00e9rison avec les Elixirs Wild Earth Animals ?<\/h2>\n\n\n\n<p><strong>Apr\u00e8s un \u00e9v\u00e9nement traumatique<\/strong> ou un dysfonctionnement relationnel, tant que l&rsquo;\u00catre n&rsquo;a pas int\u00e9gr\u00e9 l&rsquo;\u00e9v\u00e9nement, le traumatisme est latent et impact la vie au quotidien.<\/p>\n\n\n\n<p>La Gu\u00e9rison commence \u00e0 partir du moment o\u00f9 l&rsquo;on se met en chemin. Accompagn\u00e9 par les Animaux et par le th\u00e9rapeute, les mots, les \u00e9motions sont exprim\u00e9s et peuvent enfin \u00eatre int\u00e9gr\u00e9s. Ainsi, la Gu\u00e9rison est compl\u00e8te, l&rsquo;histoire ancienne retrouve sa place dans la pass\u00e9 et ne fait plus parti du pr\u00e9sent. <strong>La Vie<\/strong> peut \u00e0 nouveau se <strong>d\u00e9ployer<\/strong> dans toute sa <strong>beaut\u00e9<\/strong> et sa <strong>puissance<\/strong>.<\/p>\n\n\n\n<p>C\u2019est un chemin de gu\u00e9rison <strong>doux<\/strong>, <strong>respectueux du rythme de chacun<\/strong>, qui s\u2019inscrit dans une approche globale de l\u2019\u00catre.<\/p>\n<\/div><figure class=\"wp-block-media-text__media\"><img loading=\"lazy\" decoding=\"async\" width=\"724\" height=\"1024\" src=\"https:\/\/wp.debauge.fr\/wp-content\/uploads\/2026\/01\/Photos-site-web1-724x1024.png\" alt=\"\" class=\"wp-image-451 size-full\" srcset=\"https:\/\/wp.debauge.fr\/wp-content\/uploads\/2026\/01\/Photos-site-web1-724x1024.png 724w, https:\/\/wp.debauge.fr\/wp-content\/uploads\/2026\/01\/Photos-site-web1-212x300.png 212w, https:\/\/wp.debauge.fr\/wp-content\/uploads\/2026\/01\/Photos-site-web1-768x1086.png 768w, https:\/\/wp.debauge.fr\/wp-content\/uploads\/2026\/01\/Photos-site-web1-1086x1536.png 1086w, https:\/\/wp.debauge.fr\/wp-content\/uploads\/2026\/01\/Photos-site-web1.png 1414w\" sizes=\"auto, (max-width: 724px) 100vw, 724px\" \/><\/figure><\/div>\n\n\n\n<h2 class=\"wp-block-heading\">Quel est le cadre du Chemin de Gu\u00e9rison avec les Elixirs Wild Earth Animals ?<\/h2>\n\n\n\n<p>Ce Chemin de Gu\u00e9rison avec les Elixirs Wild Earth Animals se d\u00e9roulent sur <strong>7 semaines<\/strong>.<\/p>\n\n\n\n<p>Nous convenons d&rsquo;un <strong>1er RV de 1h<\/strong> en pr\u00e9sentiel afin de se rencontrer, de bien cerner votre probl\u00e9matique, et que je vous explique le d\u00e9roul\u00e9 complet du Chemin. A la fin de la s\u00e9ance, je vous donne un Elixirs \u00e0 prendre tous les jours pour les 7 jours suivant.<\/p>\n\n\n\n<p>Nous avons ensuite un <strong>RV de 30min<\/strong> en pr\u00e9sentiel chaque semaine, avec un nouvel Elixirs \u00e0 chaque fois,  jusqu&rsquo;au dernier RV de 1h pour l&rsquo;int\u00e9gration compl\u00e8te du Chemin.<\/p>\n\n\n\n<p>Le tarif de 500\u20ac, payable en une fois ou plusieurs fois, en esp\u00e8re ou carte bleue, comprend les 8 s\u00e9ances, et les Elixirs confectionn\u00e9s par mes soins \u00e0 partir des Elixirs Wild Earth Animals Essence.<\/p>\n","protected":false},"excerpt":{"rendered":"<p>Qu&rsquo;est ce que les Elixirs Wild Earth Animals ? Les Elixirs Wild Earth Animals sont une invitation \u00e0 entrer en relation avec la sagesse du monde animal. Chaque \u00e9lixir agit comme un messager subtil, portant la fr\u00e9quence, l\u2019enseignement et la m\u00e9decine d\u2019un animal sauvage.\u00c0 travers les \u00e9lixirs, un dialogue s\u2019ouvre entre le conscient et l\u2019inconscient, &hellip; <\/p>\n<p class=\"link-more\"><a href=\"https:\/\/wp.debauge.fr\/index.php\/propositions-individuels\/les-chemin-de-guerison\/\" class=\"more-link\">Continuer la lecture<span class=\"screen-reader-text\"> de &laquo;&nbsp;Le Chemin de Gu\u00e9rison avec les Elixirs Wild Earth Animals&nbsp;&raquo;<\/span><\/a><\/p>\n","protected":false},"author":1,"featured_media":0,"parent":73,"menu_order":3,"comment_status":"closed","ping_status":"closed","template":"","meta":{"footnotes":""},"class_list":["post-212","page","type-page","status-publish","hentry"],"_links":{"self":[{"href":"https:\/\/wp.debauge.fr\/index.php\/wp-json\/wp\/v2\/pages\/212","targetHints":{"allow":["GET"]}}],"collection":[{"href":"https:\/\/wp.debauge.fr\/index.php\/wp-json\/wp\/v2\/pages"}],"about":[{"href":"https:\/\/wp.debauge.fr\/index.php\/wp-json\/wp\/v2\/types\/page"}],"author":[{"embeddable":true,"href":"https:\/\/wp.debauge.fr\/index.php\/wp-json\/wp\/v2\/users\/1"}],"replies":[{"embeddable":true,"href":"https:\/\/wp.debauge.fr\/index.php\/wp-json\/wp\/v2\/comments?post=212"}],"version-history":[{"count":8,"href":"https:\/\/wp.debauge.fr\/index.php\/wp-json\/wp\/v2\/pages\/212\/revisions"}],"predecessor-version":[{"id":471,"href":"https:\/\/wp.debauge.fr\/index.php\/wp-json\/wp\/v2\/pages\/212\/revisions\/471"}],"up":[{"embeddable":true,"href":"https:\/\/wp.debauge.fr\/index.php\/wp-json\/wp\/v2\/pages\/73"}],"wp:attachment":[{"href":"https:\/\/wp.debauge.fr\/index.php\/wp-json\/wp\/v2\/media?parent=212"}],"curies":[{"name":"wp","href":"https:\/\/api.w.org\/{rel}","templated":true}]}}