{"id":24,"date":"2025-10-04T07:17:42","date_gmt":"2025-10-04T05:17:42","guid":{"rendered":"https:\/\/wp.debauge.fr\/?page_id=24"},"modified":"2025-11-28T17:38:04","modified_gmt":"2025-11-28T16:38:04","slug":"mediation-cnv","status":"publish","type":"page","link":"https:\/\/wp.debauge.fr\/index.php\/propositions-individuels\/mediation-cnv\/","title":{"rendered":"M\u00e9diation CNV"},"content":{"rendered":"\n<h1 class=\"wp-block-heading\">M\u00e9diation avec la Communication NonViolente<\/h1>\n\n\n\n<h3 class=\"wp-block-heading\">Pourquoi faire une m\u00e9diation ?<\/h3>\n\n\n\n<p>Lors d&rsquo;un conflit avec quelqu&rsquo;un d&rsquo;autre, nous avons souvent du mal \u00e0 voir pr\u00e9cisemment ce qui se joue en nous, et de m\u00eame \u00e0 \u00e9couter ce qui se joue pour l&rsquo;autre. La m\u00e9diation avec la <strong>Communiction NonViolente<\/strong> permet \u00e0 chacun de s&rsquo;exprimer sur qui est vivant pour lui dans le conflit (<strong>les besoins<\/strong>), et ainsi mettre en place <strong>des strat\u00e9gies<\/strong> pour satisfaires tous les besoins qui \u00e9mergent de ce conflit.<\/p>\n\n\n\n<p>La m\u00e9diation propose un espace s\u00e9curis\u00e9 pour \u00e9claircir et exprimer ce qui ce joue pour chacun dans cet \u00e9v\u00e9nement, en \u00e9coutant pr\u00e9cisemment nos \u00e9motions puis en clarifiant nos besoins. Le m\u00e9diateur accompagne le processus, en restant <strong>neutre, bienveillant<\/strong>, et offre \u00e0 chacun l&rsquo;\u00e9coute dont il a besoin afin d&rsquo;exprimer ses besoins. De l\u00e0, des strat\u00e9gies peuvent se dessiner pour trouver une r\u00e9solution au conflit.<\/p>\n\n\n\n<h3 class=\"wp-block-heading\">Le cadre de la m\u00e9diation<\/h3>\n\n\n\n<p>L&rsquo;<strong>accord de chaque participant<\/strong> est indispensable pour commencer une m\u00e9diation.<\/p>\n\n\n\n<p>Il y a pour commencer une <strong>s\u00e9ance individuelle<\/strong> de 1h avec chaque participant.<\/p>\n\n\n\n<p>A partir de l\u00e0, des <strong>s\u00e9ances pl\u00e9niaires<\/strong> sont organis\u00e9es. La dur\u00e9e de chaque s\u00e9ance est la plupart du temps limit\u00e9 \u00e0 1h, et le nombre d\u00e9pend du d\u00e9roulement et de la participation de chacun.<\/p>\n\n\n\n<p>Le m\u00e9diateur est <strong>garant du cadre<\/strong> du processus et du d\u00e9roul\u00e9 de chaque s\u00e9ance. La r\u00e9solution du conflit d\u00e9pend de l&rsquo;implication de chacun dans le processus.<\/p>\n\n\n\n<h3 class=\"wp-block-heading\">Tarifs<\/h3>\n\n\n\n<p>Le tarif des s\u00e9ances indivuelles est de 70\u20ac<\/p>\n\n\n\n<p>Le payement peut se faire en liquide ou par carte bleue<\/p>\n\n\n\n<p>Le tarif des pl\u00e9niaires est d\u00e9fini en fonction du nombre de participants avec un minimun de 40\u20ac\/personne\/heure<\/p>\n","protected":false},"excerpt":{"rendered":"<p>M\u00e9diation avec la Communication NonViolente Pourquoi faire une m\u00e9diation ? Lors d&rsquo;un conflit avec quelqu&rsquo;un d&rsquo;autre, nous avons souvent du mal \u00e0 voir pr\u00e9cisemment ce qui se joue en nous, et de m\u00eame \u00e0 \u00e9couter ce qui se joue pour l&rsquo;autre. La m\u00e9diation avec la Communiction NonViolente permet \u00e0 chacun de s&rsquo;exprimer sur qui est &hellip; <\/p>\n<p class=\"link-more\"><a href=\"https:\/\/wp.debauge.fr\/index.php\/propositions-individuels\/mediation-cnv\/\" class=\"more-link\">Continuer la lecture<span class=\"screen-reader-text\"> de &laquo;&nbsp;M\u00e9diation CNV&nbsp;&raquo;<\/span><\/a><\/p>\n","protected":false},"author":1,"featured_media":0,"parent":73,"menu_order":5,"comment_status":"closed","ping_status":"closed","template":"","meta":{"footnotes":""},"class_list":["post-24","page","type-page","status-publish","hentry"],"_links":{"self":[{"href":"https:\/\/wp.debauge.fr\/index.php\/wp-json\/wp\/v2\/pages\/24","targetHints":{"allow":["GET"]}}],"collection":[{"href":"https:\/\/wp.debauge.fr\/index.php\/wp-json\/wp\/v2\/pages"}],"about":[{"href":"https:\/\/wp.debauge.fr\/index.php\/wp-json\/wp\/v2\/types\/page"}],"author":[{"embeddable":true,"href":"https:\/\/wp.debauge.fr\/index.php\/wp-json\/wp\/v2\/users\/1"}],"replies":[{"embeddable":true,"href":"https:\/\/wp.debauge.fr\/index.php\/wp-json\/wp\/v2\/comments?post=24"}],"version-history":[{"count":1,"href":"https:\/\/wp.debauge.fr\/index.php\/wp-json\/wp\/v2\/pages\/24\/revisions"}],"predecessor-version":[{"id":25,"href":"https:\/\/wp.debauge.fr\/index.php\/wp-json\/wp\/v2\/pages\/24\/revisions\/25"}],"up":[{"embeddable":true,"href":"https:\/\/wp.debauge.fr\/index.php\/wp-json\/wp\/v2\/pages\/73"}],"wp:attachment":[{"href":"https:\/\/wp.debauge.fr\/index.php\/wp-json\/wp\/v2\/media?parent=24"}],"curies":[{"name":"wp","href":"https:\/\/api.w.org\/{rel}","templated":true}]}}