{"id":28,"date":"2025-10-04T07:18:53","date_gmt":"2025-10-04T05:18:53","guid":{"rendered":"https:\/\/wp.debauge.fr\/?page_id=28"},"modified":"2025-11-28T17:37:10","modified_gmt":"2025-11-28T16:37:10","slug":"les-meditations-actives","status":"publish","type":"page","link":"https:\/\/wp.debauge.fr\/index.php\/ateliers\/les-meditations-actives\/","title":{"rendered":"Les M\u00e9ditations Actives"},"content":{"rendered":"\n<p>Les premi\u00e8res M\u00e9ditations Actives ont \u00e9t\u00e9 cr\u00e9\u00e9s par le ma\u00eetre spirituel indien Osho, sp\u00e9cifiquement pour l&rsquo;homme moderne, en metant le corps en jeu, pour lib\u00e9rer du stress, nettoyer les \u00e9motions, calmer le mental et permettre ainsi de faire fleurir l&rsquo;espace de m\u00e9ditation, l&rsquo;espace d&rsquo;Unit\u00e9 !<\/p>\n\n\n\n<p>&nbsp;<em>\u00a0\u00bb Tout mon enseignement est compos\u00e9 de deux mots, la m\u00e9ditation et l&rsquo;amour. M\u00e9ditez pour que vous puissiez ressentir un immense silence, et aimer pour que votre vie devienne une chanson, une danse, une c\u00e9l\u00e9bration. Vous devrez vous d\u00e9placer entre les deux, et si vous pouvez vous d\u00e9placer facilement, si vous pouvez bouger sans aucun effort, vous avez appris la meilleure chose de la vie. \u00ab\u00a0<\/em><\/p>\n\n\n\n<figure class=\"wp-block-image is-resized\"><img decoding=\"async\" src=\"https:\/\/www.debauge.fr\/site\/file\/source\/galerie\/buddha-1920x1200.jpg\" alt=\"\" style=\"width:259px;height:auto\"\/><\/figure>\n\n\n\n<p><em>\u00a0\u00bb Les m\u00e9ditations actives sont n\u00e9cessaires pour pousser la conscience \u00e0 ses racines, parce que c\u2019est seulement depuis les racines que la transformation est possible. Autrement vous continuerez \u00e0 traduire en paroles et il n\u2019y aura aucune transformation. Ce n\u2019est pas assez de simplement savoir ce qui est exact, vous devez transformer les racines; autrement vous ne changerez pas. Telle que je vois la situation, l\u2019homme moderne a tellement chang\u00e9 qu\u2019il a besoin de nouvelles m\u00e9thodes, de nouvelles techniques. \u00ab\u00a0<\/em><\/p>\n\n\n\n<p><em>\u00a0\u00bb Aimer, c&rsquo;est l&rsquo;art d&rsquo;\u00eatre avec les autres, m\u00e9diter, c&rsquo;est l&rsquo;art d&rsquo;\u00eatre avec soi m\u00eame, laisser l&rsquo;amour et la m\u00e9ditation \u00eatre vos deux ailes \u00ab\u00a0<\/em><\/p>\n\n\n\n<p><em>&nbsp; \u00a0\u00bb M\u00e9diter est une aventure, la plus formidable que puisse vivre un \u00eatre humain. M\u00e9diter signifie simplement \u00eatre, sans rien faire : aucune activit\u00e9, aucune pens\u00e9e, aucune \u00e9motion. Vous \u00eates et l&rsquo;existence est pure f\u00e9licit\u00e9 \u00ab\u00a0<\/em><\/p>\n\n\n\n<figure class=\"wp-block-image is-resized\"><img decoding=\"async\" src=\"https:\/\/www.debauge.fr\/site\/file\/source\/galerie\/ce240997073311d91f51010ba7f493c4.jpg\" alt=\"\" style=\"width:251px;height:auto\"\/><\/figure>\n\n\n\n<p>Voil\u00e0 les descriptions des principales m\u00e9ditations actives de Osho sur le site de <a href=\"https:\/\/www.meditationfrance.com\/\" target=\"_blank\" rel=\"noreferrer noopener\">meditationfrance.com<\/a><\/p>\n\n\n\n<p><a href=\"https:\/\/www.meditationfrance.com\/meditation\/dynamique.htm\" target=\"_blank\" rel=\"noreferrer noopener\">Dynamique<\/a><\/p>\n\n\n\n<p><a href=\"https:\/\/www.meditationfrance.com\/meditation\/gourishankar.htm\" target=\"_blank\" rel=\"noreferrer noopener\">Gourishankar<\/a><\/p>\n\n\n\n<p><a href=\"https:\/\/www.meditationfrance.com\/meditation\/nodimension.htm\" target=\"_blank\" rel=\"noreferrer noopener\">No-Dimension<\/a><\/p>\n\n\n\n<p><a href=\"https:\/\/www.meditationfrance.com\/meditation\/devavani.htm\" target=\"_blank\" rel=\"noreferrer noopener\">Devavani<\/a><\/p>\n\n\n\n<p><a href=\"https:\/\/www.meditationfrance.com\/meditation\/coeur-atisha.htm\" target=\"_blank\" rel=\"noreferrer noopener\">Heart Meditation<\/a><\/p>\n\n\n\n<p><a href=\"https:\/\/www.meditationfrance.com\/meditation\/kundalini.htm\" target=\"_blank\" rel=\"noreferrer noopener\">Kundalini<\/a><\/p>\n\n\n\n<p><a href=\"https:\/\/www.meditationfrance.com\/meditation\/nadabrahma.htm\" target=\"_blank\" rel=\"noreferrer noopener\">Nadabrahma<\/a><\/p>\n\n\n\n<p><a href=\"https:\/\/www.meditationfrance.com\/meditation\/chakrasound.htm\" target=\"_blank\" rel=\"noreferrer noopener\">Chakra Sound<\/a><\/p>\n\n\n\n<p><a href=\"https:\/\/www.meditationfrance.com\/meditation\/mahamudra.htm\" target=\"_blank\" rel=\"noreferrer noopener\">Mahamudra<\/a><\/p>\n\n\n\n<p><a href=\"https:\/\/www.meditationfrance.com\/meditation\/nataraj.htm\" target=\"_blank\" rel=\"noreferrer noopener\">Nataraj<\/a><\/p>\n\n\n\n<p><a href=\"https:\/\/www.meditationfrance.com\/meditation\/mandala.htm\">Mandala<\/a><\/p>\n\n\n\n<p><a href=\"https:\/\/www.meditationfrance.com\/meditation\/chakra-breathing.htm\" target=\"_blank\" rel=\"noreferrer noopener\">Chakra Breathing<\/a><\/p>\n\n\n\n<p><a href=\"https:\/\/www.meditationfrance.com\/meditation\/whirling.htm\" target=\"_blank\" rel=\"noreferrer noopener\">Whirling<\/a><\/p>\n\n\n\n<p>Les m\u00e9ditations actives sont un profond soutien pour l&rsquo;accompagnement Psycho-Corporel.<\/p>\n\n\n\n<p>Ayant suivi une formation reconnue par OSHO International, je propose r\u00e9guli\u00e8rement des <a href=\"https:\/\/www.debauge.fr\/?ateliers-de-meditations-actives\">ateliers<\/a> pour pratiquer les diff\u00e9rentes m\u00e9ditations. Vous pouvez trouver tous ces \u00e9venements sur mon site <a href=\"https:\/\/www.facebook.com\/jb.debauge.biodynamique.meditationsactives\/events\/?ref=page_internal\" target=\"_blank\" rel=\"noreferrer noopener\">Facebook<\/a>, ou en me contactant via la page de <a href=\"https:\/\/www.debauge.fr\/?contact\">contact<\/a><\/p>\n","protected":false},"excerpt":{"rendered":"<p>Les premi\u00e8res M\u00e9ditations Actives ont \u00e9t\u00e9 cr\u00e9\u00e9s par le ma\u00eetre spirituel indien Osho, sp\u00e9cifiquement pour l&rsquo;homme moderne, en metant le corps en jeu, pour lib\u00e9rer du stress, nettoyer les \u00e9motions, calmer le mental et permettre ainsi de faire fleurir l&rsquo;espace de m\u00e9ditation, l&rsquo;espace d&rsquo;Unit\u00e9 ! &nbsp;\u00a0\u00bb Tout mon enseignement est compos\u00e9 de deux mots, la &hellip; <\/p>\n<p class=\"link-more\"><a href=\"https:\/\/wp.debauge.fr\/index.php\/ateliers\/les-meditations-actives\/\" class=\"more-link\">Continuer la lecture<span class=\"screen-reader-text\"> de &laquo;&nbsp;Les M\u00e9ditations Actives&nbsp;&raquo;<\/span><\/a><\/p>\n","protected":false},"author":1,"featured_media":0,"parent":161,"menu_order":0,"comment_status":"closed","ping_status":"closed","template":"","meta":{"footnotes":""},"class_list":["post-28","page","type-page","status-publish","hentry"],"_links":{"self":[{"href":"https:\/\/wp.debauge.fr\/index.php\/wp-json\/wp\/v2\/pages\/28","targetHints":{"allow":["GET"]}}],"collection":[{"href":"https:\/\/wp.debauge.fr\/index.php\/wp-json\/wp\/v2\/pages"}],"about":[{"href":"https:\/\/wp.debauge.fr\/index.php\/wp-json\/wp\/v2\/types\/page"}],"author":[{"embeddable":true,"href":"https:\/\/wp.debauge.fr\/index.php\/wp-json\/wp\/v2\/users\/1"}],"replies":[{"embeddable":true,"href":"https:\/\/wp.debauge.fr\/index.php\/wp-json\/wp\/v2\/comments?post=28"}],"version-history":[{"count":1,"href":"https:\/\/wp.debauge.fr\/index.php\/wp-json\/wp\/v2\/pages\/28\/revisions"}],"predecessor-version":[{"id":29,"href":"https:\/\/wp.debauge.fr\/index.php\/wp-json\/wp\/v2\/pages\/28\/revisions\/29"}],"up":[{"embeddable":true,"href":"https:\/\/wp.debauge.fr\/index.php\/wp-json\/wp\/v2\/pages\/161"}],"wp:attachment":[{"href":"https:\/\/wp.debauge.fr\/index.php\/wp-json\/wp\/v2\/media?parent=28"}],"curies":[{"name":"wp","href":"https:\/\/api.w.org\/{rel}","templated":true}]}}